{"id":1071,"date":"2023-04-12T17:39:50","date_gmt":"2023-04-12T17:39:50","guid":{"rendered":"https:\/\/staging.vilniustechsa.lt\/?page_id=1071"},"modified":"2026-03-17T13:33:35","modified_gmt":"2026-03-17T13:33:35","slug":"istorija","status":"publish","type":"page","link":"https:\/\/staging.vilniustechsa.lt\/en\/istorija\/","title":{"rendered":"History"},"content":{"rendered":"<div data-elementor-type=\"wp-page\" data-elementor-id=\"1071\" class=\"elementor elementor-1071\">\n\t\t\t\t\t\t<section class=\"elementor-section elementor-top-section elementor-element elementor-element-d41e79e elementor-section-boxed elementor-section-height-default elementor-section-height-default\" data-id=\"d41e79e\" data-element_type=\"section\" data-e-type=\"section\">\n\t\t\t\t\t\t<div class=\"elementor-container elementor-column-gap-default\">\n\t\t\t\t\t<div class=\"elementor-column elementor-col-100 elementor-top-column elementor-element elementor-element-9b84277\" data-id=\"9b84277\" data-element_type=\"column\" data-e-type=\"column\">\n\t\t\t<div class=\"elementor-widget-wrap elementor-element-populated\">\n\t\t\t\t\t\t<div class=\"elementor-element elementor-element-31d2e88 elementor-widget elementor-widget-heading\" data-id=\"31d2e88\" data-element_type=\"widget\" data-e-type=\"widget\" data-widget_type=\"heading.default\">\n\t\t\t\t<div class=\"elementor-widget-container\">\n\t\t\t\t\t<h2 class=\"elementor-heading-title elementor-size-default\">LIST OF PRESIDENTS OF THE ORGANISATION:<\/h2>\t\t\t\t<\/div>\n\t\t\t\t<\/div>\n\t\t\t\t<div class=\"elementor-element elementor-element-e18b229 elementor-widget elementor-widget-text-editor\" data-id=\"e18b229\" data-element_type=\"widget\" data-e-type=\"widget\" data-widget_type=\"text-editor.default\">\n\t\t\t\t<div class=\"elementor-widget-container\">\n\t\t\t\t\t\t\t\t\t<div class=\"vce-row-container\" data-vce-boxed-width=\"true\"><div id=\"el-5f7b3547\" class=\"vce-row vce-row--col-gap-30 vce-row-equal-height vce-row-content--top\" data-vce-do-apply=\"all el-5f7b3547\"><div class=\"vce-row-content\" data-vce-element-content=\"true\"><div id=\"el-be64e93b\" class=\"vce-col vce-col--md-auto vce-col--xs-1 vce-col--xs-last vce-col--xs-first vce-col--sm-last vce-col--sm-first vce-col--md-last vce-col--lg-last vce-col--xl-last vce-col--md-first vce-col--lg-first vce-col--xl-first\"><div class=\"vce-col-inner\" data-vce-do-apply=\"border margin background el-be64e93b\"><div class=\"vce-col-content\" data-vce-element-content=\"true\" data-vce-do-apply=\"padding el-be64e93b\"><div class=\"vce-text-block\"><div id=\"el-9dbb53c0\" class=\"vce-text-block-wrapper vce\" data-vce-do-apply=\"all el-9dbb53c0\"><div id=\"el-5f7b3547\" class=\"vce-row vce-row--col-gap-30 vce-row-equal-height vce-row-content--top\" data-vce-do-apply=\"all el-5f7b3547\"><div class=\"vce-row-content\" data-vce-element-content=\"true\"><div id=\"el-be64e93b\" class=\"vce-col vce-col--md-auto vce-col--xs-1 vce-col--xs-last vce-col--xs-first vce-col--sm-last vce-col--sm-first vce-col--md-last vce-col--lg-last vce-col--xl-last vce-col--md-first vce-col--lg-first vce-col--xl-first\"><div class=\"vce-col-inner\" data-vce-do-apply=\"border margin background el-be64e93b\"><div class=\"vce-col-content\" data-vce-element-content=\"true\" data-vce-do-apply=\"padding el-be64e93b\"><div class=\"vce-text-block\"><div id=\"el-9dbb53c0\" class=\"vce-text-block-wrapper vce\" data-vce-do-apply=\"all el-9dbb53c0\"><p><strong>GABRIEL\u0116 KOVALEVSKYT\u0116<\/strong><\/p><p>2026 m. &#8211; dabar<\/p><\/div><\/div><\/div><\/div><\/div><\/div><\/div><p><strong><br \/>ERVIN BORKOVSKI<\/strong><\/p><p>2024 m. &#8211; 2026 m.<\/p><p><strong>\u00a0<\/strong><\/p><p><strong>SMILT\u0116 KIAUNYT\u0116<\/strong><\/p><p>2022 &#8211; 2024 m.<\/p><\/div><\/div><div id=\"el-7ee447c6\" class=\"vce vce-separator-container vce-separator--align-center vce-separator--style-double\" data-vce-do-apply=\"margin el-7ee447c6\"><div class=\"vce-separator vce-separator--color-b-33-33-33 vce-separator--width-100 vce-separator--thickness-1\" data-vce-do-apply=\"border padding background el-7ee447c6\">\u00a0<\/div><\/div><div class=\"vce-text-block\"><div id=\"el-0d682f7c\" class=\"vce-text-block-wrapper vce\" data-vce-do-apply=\"all el-0d682f7c\"><p><strong>PAULA VALAITYT\u0116<\/strong><\/p><p>2021 \u2013 2022 y.<\/p><\/div><\/div><div id=\"el-a1b88a2c\" class=\"vce vce-separator-container vce-separator--align-center vce-separator--style-double\" data-vce-do-apply=\"margin el-a1b88a2c\"><div class=\"vce-separator vce-separator--color-b-33-33-33 vce-separator--width-100 vce-separator--thickness-1\" data-vce-do-apply=\"border padding background el-a1b88a2c\">\u00a0<\/div><\/div><div class=\"vce-text-block\"><div id=\"el-7b5ee9af\" class=\"vce-text-block-wrapper vce\" data-vce-do-apply=\"all el-7b5ee9af\"><p><strong>DOMINYKAS TVASKA<\/strong><\/p><p>2018 \u2013 2021 y.<\/p><\/div><\/div><div id=\"el-6078a3b5\" class=\"vce vce-separator-container vce-separator--align-center vce-separator--style-double\" data-vce-do-apply=\"margin el-6078a3b5\"><div class=\"vce-separator vce-separator--color-b-33-33-33 vce-separator--width-100 vce-separator--thickness-1\" data-vce-do-apply=\"border padding background el-6078a3b5\">\u00a0<\/div><\/div><div class=\"vce-text-block\"><div id=\"el-343106fb\" class=\"vce-text-block-wrapper vce\" data-vce-do-apply=\"all el-343106fb\"><p><strong>MATAS POVILAUSKAS<\/strong><\/p><p>2016 \u2013 2018 y.<\/p><\/div><\/div><div id=\"el-e7c631bb\" class=\"vce vce-separator-container vce-separator--align-center vce-separator--style-double\" data-vce-do-apply=\"margin el-e7c631bb\"><div class=\"vce-separator vce-separator--color-b-33-33-33 vce-separator--width-100 vce-separator--thickness-1\" data-vce-do-apply=\"border padding background el-e7c631bb\">\u00a0<\/div><\/div><div class=\"vce-text-block\"><div id=\"el-0bd85b05\" class=\"vce-text-block-wrapper vce\" data-vce-do-apply=\"all el-0bd85b05\"><p><strong>LAURA LADIENAIT\u0116<\/strong><\/p><p>2014 \u2013 2016 y.<\/p><\/div><\/div><div id=\"el-029c48de\" class=\"vce vce-separator-container vce-separator--align-center vce-separator--style-double\" data-vce-do-apply=\"margin el-029c48de\"><div class=\"vce-separator vce-separator--color-b-33-33-33 vce-separator--width-100 vce-separator--thickness-1\" data-vce-do-apply=\"border padding background el-029c48de\">\u00a0<\/div><\/div><div class=\"vce-text-block\"><div id=\"el-80b4f5e8\" class=\"vce-text-block-wrapper vce\" data-vce-do-apply=\"all el-80b4f5e8\"><p><strong>DIONIS MARTSINKEVICHUS<\/strong><\/p><p>2011 \u2013 2014 y.<\/p><\/div><\/div><div id=\"el-aaf155e9\" class=\"vce vce-separator-container vce-separator--align-center vce-separator--style-double\" data-vce-do-apply=\"margin el-aaf155e9\"><div class=\"vce-separator vce-separator--color-b-33-33-33 vce-separator--width-100 vce-separator--thickness-1\" data-vce-do-apply=\"border padding background el-aaf155e9\">\u00a0<\/div><\/div><div class=\"vce-text-block\"><div id=\"el-38d2819a\" class=\"vce-text-block-wrapper vce\" data-vce-do-apply=\"all el-38d2819a\"><p><strong>VILIUS MORK\u016aNAS<\/strong><\/p><p>2010 \u2013 2011 y.<\/p><\/div><\/div><div id=\"el-af563846\" class=\"vce vce-separator-container vce-separator--align-center vce-separator--style-double\" data-vce-do-apply=\"margin el-af563846\"><div class=\"vce-separator vce-separator--color-b-33-33-33 vce-separator--width-100 vce-separator--thickness-1\" data-vce-do-apply=\"border padding background el-af563846\">\u00a0<\/div><\/div><div class=\"vce-text-block\"><div id=\"el-5356a887\" class=\"vce-text-block-wrapper vce\" data-vce-do-apply=\"all el-5356a887\"><p><strong>JUSTINAS BUTKEVI\u010cIUS<\/strong><\/p><p>2009 \u2013 2010 y.<\/p><\/div><\/div><div id=\"el-edc45ba1\" class=\"vce vce-separator-container vce-separator--align-center vce-separator--style-double\" data-vce-do-apply=\"margin el-edc45ba1\"><div class=\"vce-separator vce-separator--color-b-33-33-33 vce-separator--width-100 vce-separator--thickness-1\" data-vce-do-apply=\"border padding background el-edc45ba1\">\u00a0<\/div><\/div><div class=\"vce-text-block\"><div id=\"el-68d797e8\" class=\"vce-text-block-wrapper vce\" data-vce-do-apply=\"all el-68d797e8\"><p><strong>JUSTINAS KR\u016aGELIS<\/strong><\/p><p>2008 \u2013 2009 y.<\/p><\/div><\/div><div id=\"el-71093654\" class=\"vce vce-separator-container vce-separator--align-center vce-separator--style-double\" data-vce-do-apply=\"margin el-71093654\"><div class=\"vce-separator vce-separator--color-b-33-33-33 vce-separator--width-100 vce-separator--thickness-1\" data-vce-do-apply=\"border padding background el-71093654\">\u00a0<\/div><\/div><div class=\"vce-text-block\"><div id=\"el-03ff146e\" class=\"vce-text-block-wrapper vce\" data-vce-do-apply=\"all el-03ff146e\"><p><strong>EVALDAS KUNDROTAS<\/strong><\/p><p>2007 \u2013 2008 y.<\/p><\/div><\/div><div id=\"el-594f5753\" class=\"vce vce-separator-container vce-separator--align-center vce-separator--style-double\" data-vce-do-apply=\"margin el-594f5753\"><div class=\"vce-separator vce-separator--color-b-33-33-33 vce-separator--width-100 vce-separator--thickness-1\" data-vce-do-apply=\"border padding background el-594f5753\">\u00a0<\/div><\/div><div class=\"vce-text-block\"><div id=\"el-6b7c5081\" class=\"vce-text-block-wrapper vce\" data-vce-do-apply=\"all el-6b7c5081\"><p><strong>JUSTAS NUGARAS<\/strong><\/p><p>2005 \u2013 2007 y.<\/p><\/div><\/div><div id=\"el-33b44f31\" class=\"vce vce-separator-container vce-separator--align-center vce-separator--style-double\" data-vce-do-apply=\"margin el-33b44f31\"><div class=\"vce-separator vce-separator--color-b-33-33-33 vce-separator--width-100 vce-separator--thickness-1\" data-vce-do-apply=\"border padding background el-33b44f31\">\u00a0<\/div><\/div><div class=\"vce-text-block\"><div id=\"el-7d85a84c\" class=\"vce-text-block-wrapper vce\" data-vce-do-apply=\"all el-7d85a84c\"><p><strong>LINA POBEDINSKAIT\u0116<\/strong><\/p><p>2004 \u2013 2005 y.<\/p><\/div><\/div><div id=\"el-d1bb393b\" class=\"vce vce-separator-container vce-separator--align-center vce-separator--style-double\" data-vce-do-apply=\"margin el-d1bb393b\"><div class=\"vce-separator vce-separator--color-b-33-33-33 vce-separator--width-100 vce-separator--thickness-1\" data-vce-do-apply=\"border padding background el-d1bb393b\">\u00a0<\/div><\/div><div class=\"vce-text-block\"><div id=\"el-2f75095c\" class=\"vce-text-block-wrapper vce\" data-vce-do-apply=\"all el-2f75095c\"><p><strong>KRISTINA ME\u010cINSKAIT\u0116<\/strong><\/p><p>2003 \u2013 2004 y.<\/p><\/div><\/div><div id=\"el-b187b7bc\" class=\"vce vce-separator-container vce-separator--align-center vce-separator--style-double\" data-vce-do-apply=\"margin el-b187b7bc\"><div class=\"vce-separator vce-separator--color-b-33-33-33 vce-separator--width-100 vce-separator--thickness-1\" data-vce-do-apply=\"border padding background el-b187b7bc\">\u00a0<\/div><\/div><div class=\"vce-text-block\"><div id=\"el-0b76f34a\" class=\"vce-text-block-wrapper vce\" data-vce-do-apply=\"all el-0b76f34a\"><p><strong>PAULIUS DA\u0160\u010cIORAS<\/strong><\/p><p>2002 \u2013 2003 y.<\/p><\/div><\/div><div id=\"el-9a0bff73\" class=\"vce vce-separator-container vce-separator--align-center vce-separator--style-double\" data-vce-do-apply=\"margin el-9a0bff73\"><div class=\"vce-separator vce-separator--color-b-33-33-33 vce-separator--width-100 vce-separator--thickness-1\" data-vce-do-apply=\"border padding background el-9a0bff73\">\u00a0<\/div><\/div><div class=\"vce-text-block\"><div id=\"el-3892a9d7\" class=\"vce-text-block-wrapper vce\" data-vce-do-apply=\"all el-3892a9d7\"><p><strong>MINDAUGAS TAMO\u0160AUSKAS<\/strong><\/p><p>2001 \u2013 2002 y.<\/p><\/div><\/div><div id=\"el-ed3048ef\" class=\"vce vce-separator-container vce-separator--align-center vce-separator--style-double\" data-vce-do-apply=\"margin el-ed3048ef\"><div class=\"vce-separator vce-separator--color-b-33-33-33 vce-separator--width-100 vce-separator--thickness-1\" data-vce-do-apply=\"border padding background el-ed3048ef\">\u00a0<\/div><\/div><div class=\"vce-text-block\"><div id=\"el-0d93a9b8\" class=\"vce-text-block-wrapper vce\" data-vce-do-apply=\"all el-0d93a9b8\"><p><strong>EVALDAS VAITELIS<\/strong><\/p><\/div><\/div><div id=\"el-88f9b3ee\" class=\"vce vce-separator-container vce-separator--align-center vce-separator--style-double\" data-vce-do-apply=\"margin el-88f9b3ee\"><div class=\"vce-separator vce-separator--color-b-33-33-33 vce-separator--width-100 vce-separator--thickness-1\" data-vce-do-apply=\"border padding background el-88f9b3ee\">\u00a0<\/div><\/div><\/div><\/div><\/div><\/div><\/div><\/div><div class=\"vce-row-container\" data-vce-boxed-width=\"true\"><div id=\"el-5cc8b570\" class=\"vce-row vce-row--col-gap-30 vce-row-equal-height vce-row-content--top\" data-vce-do-apply=\"all el-5cc8b570\"><div class=\"vce-row-content\" data-vce-element-content=\"true\"><div id=\"el-4b5a1686\" class=\"vce-col vce-col--md-auto vce-col--xs-1 vce-col--xs-last vce-col--xs-first vce-col--sm-last vce-col--sm-first vce-col--md-last vce-col--lg-last vce-col--xl-last vce-col--md-first vce-col--lg-first vce-col--xl-first\"><div class=\"vce-col-inner\" data-vce-do-apply=\"border margin background el-4b5a1686\"><div class=\"vce-col-content\" data-vce-element-content=\"true\" data-vce-do-apply=\"padding el-4b5a1686\"><div class=\"vce-text-block\"><div id=\"el-02200deb\" class=\"vce-text-block-wrapper vce\" data-vce-do-apply=\"all el-02200deb\"><p><strong>EVALDAS BIRGIOLAS<\/strong><\/p><\/div><\/div><div id=\"el-1616e7bc\" class=\"vce vce-separator-container vce-separator--align-center vce-separator--style-double\" data-vce-do-apply=\"margin el-1616e7bc\"><div class=\"vce-separator vce-separator--color-b-33-33-33 vce-separator--width-100 vce-separator--thickness-1\" data-vce-do-apply=\"border padding background el-1616e7bc\">\u00a0<\/div><\/div><div class=\"vce-text-block\"><div id=\"el-d3172872\" class=\"vce-text-block-wrapper vce\" data-vce-do-apply=\"all el-d3172872\"><p><strong>MINDAUGAS KIZNIS<\/strong><\/p><\/div><\/div><\/div><\/div><\/div><\/div><\/div><\/div>\t\t\t\t\t\t\t\t<\/div>\n\t\t\t\t<\/div>\n\t\t\t\t\t<\/div>\n\t\t<\/div>\n\t\t\t\t\t<\/div>\n\t\t<\/section>\n\t\t\t\t<\/div>","protected":false},"excerpt":{"rendered":"<p>ORGANIZACIJOS PREZIDENT\u0172 S\u0104RA\u0160AS: GABRIEL\u0116 KOVALEVSKYT\u0116 2026 m. &#8211; dabar ERVIN BORKOVSKI 2024 m. &#8211; 2026 m. \u00a0 SMILT\u0116 KIAUNYT\u0116 2022 &#8211; 2024 m. \u00a0 PAULA VALAITYT\u0116 2021 &#8211; 2022 m. \u00a0 DOMINYKAS TVASKA 2018 &#8211; 2021 m. \u00a0 MATAS POVILAUSKAS 2016 &#8211; 2018 m. \u00a0 LAURA LADIENAIT\u0116 2014 &#8211; 2016 m. \u00a0 DIONIS MARTSINKEVICHUS 2011&hellip;<\/p>","protected":false},"author":2,"featured_media":0,"parent":0,"menu_order":0,"comment_status":"closed","ping_status":"closed","template":"","meta":{"footnotes":""},"class_list":["post-1071","page","type-page","status-publish","hentry"],"_links":{"self":[{"href":"https:\/\/staging.vilniustechsa.lt\/en\/wp-json\/wp\/v2\/pages\/1071","targetHints":{"allow":["GET"]}}],"collection":[{"href":"https:\/\/staging.vilniustechsa.lt\/en\/wp-json\/wp\/v2\/pages"}],"about":[{"href":"https:\/\/staging.vilniustechsa.lt\/en\/wp-json\/wp\/v2\/types\/page"}],"author":[{"embeddable":true,"href":"https:\/\/staging.vilniustechsa.lt\/en\/wp-json\/wp\/v2\/users\/2"}],"replies":[{"embeddable":true,"href":"https:\/\/staging.vilniustechsa.lt\/en\/wp-json\/wp\/v2\/comments?post=1071"}],"version-history":[{"count":15,"href":"https:\/\/staging.vilniustechsa.lt\/en\/wp-json\/wp\/v2\/pages\/1071\/revisions"}],"predecessor-version":[{"id":12099,"href":"https:\/\/staging.vilniustechsa.lt\/en\/wp-json\/wp\/v2\/pages\/1071\/revisions\/12099"}],"wp:attachment":[{"href":"https:\/\/staging.vilniustechsa.lt\/en\/wp-json\/wp\/v2\/media?parent=1071"}],"curies":[{"name":"wp","href":"https:\/\/api.w.org\/{rel}","templated":true}]}}