{"id":62,"date":"2023-03-06T08:00:31","date_gmt":"2023-03-06T08:00:31","guid":{"rendered":"https:\/\/staging.vilniustechsa.lt\/?page_id=62"},"modified":"2024-10-25T15:56:07","modified_gmt":"2024-10-25T15:56:07","slug":"sablonai","status":"publish","type":"page","link":"https:\/\/staging.vilniustechsa.lt\/en\/sablonai\/","title":{"rendered":"Templates"},"content":{"rendered":"<div data-elementor-type=\"wp-page\" data-elementor-id=\"62\" class=\"elementor elementor-62\">\n\t\t\t\t\t\t<section class=\"elementor-section elementor-top-section elementor-element elementor-element-5efe241 elementor-section-boxed elementor-section-height-default elementor-section-height-default\" data-id=\"5efe241\" data-element_type=\"section\" data-e-type=\"section\">\n\t\t\t\t\t\t<div class=\"elementor-container elementor-column-gap-default\">\n\t\t\t\t\t<div class=\"elementor-column elementor-col-100 elementor-top-column elementor-element elementor-element-f8f3a29\" data-id=\"f8f3a29\" data-element_type=\"column\" data-e-type=\"column\">\n\t\t\t<div class=\"elementor-widget-wrap elementor-element-populated\">\n\t\t\t\t\t\t<div class=\"elementor-element elementor-element-712d1f8 elementor-widget elementor-widget-text-editor\" data-id=\"712d1f8\" data-element_type=\"widget\" data-e-type=\"widget\" data-widget_type=\"text-editor.default\">\n\t\t\t\t<div class=\"elementor-widget-container\">\n\t\t\t\t\t\t\t\t\t<h4>Templates in Lithuanian:<\/h4>\t\t\t\t\t\t\t\t<\/div>\n\t\t\t\t<\/div>\n\t\t\t\t\t<\/div>\n\t\t<\/div>\n\t\t\t\t\t<\/div>\n\t\t<\/section>\n\t\t\t\t<section class=\"elementor-section elementor-top-section elementor-element elementor-element-5c1e2fd elementor-section-boxed elementor-section-height-default elementor-section-height-default\" data-id=\"5c1e2fd\" data-element_type=\"section\" data-e-type=\"section\">\n\t\t\t\t\t\t<div class=\"elementor-container elementor-column-gap-default\">\n\t\t\t\t\t<div class=\"elementor-column elementor-col-100 elementor-top-column elementor-element elementor-element-ca82fdd\" data-id=\"ca82fdd\" data-element_type=\"column\" data-e-type=\"column\">\n\t\t\t<div class=\"elementor-widget-wrap elementor-element-populated\">\n\t\t\t\t\t\t<div class=\"elementor-element elementor-element-c07e657 elementor-widget elementor-widget-text-editor\" data-id=\"c07e657\" data-element_type=\"widget\" data-e-type=\"widget\" data-widget_type=\"text-editor.default\">\n\t\t\t\t<div class=\"elementor-widget-container\">\n\t\t\t\t\t\t\t\t\t<ul><li><a href=\"https:\/\/staging.vilniustechsa.lt\/wp-content\/uploads\/2023\/04\/Apeliacijos-pavyzdys-forma.docx\">Apeliacijos \u0161ablonas<\/a><\/li><li><a href=\"https:\/\/staging.vilniustechsa.lt\/wp-content\/uploads\/2023\/04\/Delegavimo-rastas-1.docx\">Delegavimo ra\u0161to \u0161ablonas<\/a><\/li><li><a href=\"https:\/\/staging.vilniustechsa.lt\/wp-content\/uploads\/2023\/04\/PROTOKOLO-pavyzdys.docx\">Susirinkimo protokolo \u0161ablonas<\/a><\/li><li><a href=\"https:\/\/staging.vilniustechsa.lt\/wp-content\/uploads\/2023\/04\/Seniuno-rinkimo-protokolas.docx\">Seni\u016bno rinkimo protokolo \u0161ablonas<\/a><\/li><li><a href=\"https:\/\/staging.vilniustechsa.lt\/wp-content\/uploads\/2023\/04\/Seniuno-perrinkimo-protokolas.docx\">Seni\u016bno perrinkimo protokolo \u0161ablonas<\/a><\/li><li><a href=\"https:\/\/staging.vilniustechsa.lt\/wp-content\/uploads\/2023\/04\/LEP-seniuno-rinkimo-protokolas.docx\">L.E.P. seni\u016bno rinkimo protokolas<\/a><\/li><\/ul>\t\t\t\t\t\t\t\t<\/div>\n\t\t\t\t<\/div>\n\t\t\t\t\t<\/div>\n\t\t<\/div>\n\t\t\t\t\t<\/div>\n\t\t<\/section>\n\t\t\t\t<section class=\"elementor-section elementor-top-section elementor-element elementor-element-50c6a6f elementor-section-boxed elementor-section-height-default elementor-section-height-default\" data-id=\"50c6a6f\" data-element_type=\"section\" data-e-type=\"section\">\n\t\t\t\t\t\t<div class=\"elementor-container elementor-column-gap-default\">\n\t\t\t\t\t<div class=\"elementor-column elementor-col-100 elementor-top-column elementor-element elementor-element-264ecb8\" data-id=\"264ecb8\" data-element_type=\"column\" data-e-type=\"column\">\n\t\t\t<div class=\"elementor-widget-wrap elementor-element-populated\">\n\t\t\t\t\t\t<div class=\"elementor-element elementor-element-333077e elementor-widget elementor-widget-image\" data-id=\"333077e\" data-element_type=\"widget\" data-e-type=\"widget\" data-widget_type=\"image.default\">\n\t\t\t\t<div class=\"elementor-widget-container\">\n\t\t\t\t\t\t\t\t\t\t\t\t\t\t\t<img fetchpriority=\"high\" decoding=\"async\" width=\"1024\" height=\"576\" src=\"https:\/\/staging.vilniustechsa.lt\/wp-content\/uploads\/2023\/04\/Untitled-1024x576.png\" class=\"attachment-large size-large wp-image-1464\" alt=\"\" srcset=\"https:\/\/staging.vilniustechsa.lt\/wp-content\/uploads\/2023\/04\/Untitled-1024x576.png 1024w, https:\/\/staging.vilniustechsa.lt\/wp-content\/uploads\/2023\/04\/Untitled-300x169.png 300w, https:\/\/staging.vilniustechsa.lt\/wp-content\/uploads\/2023\/04\/Untitled-150x84.png 150w, https:\/\/staging.vilniustechsa.lt\/wp-content\/uploads\/2023\/04\/Untitled-768x432.png 768w, https:\/\/staging.vilniustechsa.lt\/wp-content\/uploads\/2023\/04\/Untitled-320x180.png 320w, https:\/\/staging.vilniustechsa.lt\/wp-content\/uploads\/2023\/04\/Untitled-480x270.png 480w, https:\/\/staging.vilniustechsa.lt\/wp-content\/uploads\/2023\/04\/Untitled-800x450.png 800w, https:\/\/staging.vilniustechsa.lt\/wp-content\/uploads\/2023\/04\/Untitled-720x405.png 720w, https:\/\/staging.vilniustechsa.lt\/wp-content\/uploads\/2023\/04\/Untitled.png 1152w\" sizes=\"(max-width: 1024px) 100vw, 1024px\" \/>\t\t\t\t\t\t\t\t\t\t\t\t\t\t\t<\/div>\n\t\t\t\t<\/div>\n\t\t\t\t\t<\/div>\n\t\t<\/div>\n\t\t\t\t\t<\/div>\n\t\t<\/section>\n\t\t\t\t<\/div>","protected":false},"excerpt":{"rendered":"<p>\u0160ablonai lietuvi\u0173 kalba: Apeliacijos \u0161ablonas Delegavimo ra\u0161to \u0161ablonas Susirinkimo protokolo \u0161ablonas Seni\u016bno rinkimo protokolo \u0161ablonas Seni\u016bno perrinkimo protokolo \u0161ablonas L.E.P. seni\u016bno rinkimo protokolas<\/p>","protected":false},"author":1,"featured_media":0,"parent":0,"menu_order":0,"comment_status":"closed","ping_status":"closed","template":"","meta":{"footnotes":""},"class_list":["post-62","page","type-page","status-publish","hentry"],"_links":{"self":[{"href":"https:\/\/staging.vilniustechsa.lt\/en\/wp-json\/wp\/v2\/pages\/62","targetHints":{"allow":["GET"]}}],"collection":[{"href":"https:\/\/staging.vilniustechsa.lt\/en\/wp-json\/wp\/v2\/pages"}],"about":[{"href":"https:\/\/staging.vilniustechsa.lt\/en\/wp-json\/wp\/v2\/types\/page"}],"author":[{"embeddable":true,"href":"https:\/\/staging.vilniustechsa.lt\/en\/wp-json\/wp\/v2\/users\/1"}],"replies":[{"embeddable":true,"href":"https:\/\/staging.vilniustechsa.lt\/en\/wp-json\/wp\/v2\/comments?post=62"}],"version-history":[{"count":13,"href":"https:\/\/staging.vilniustechsa.lt\/en\/wp-json\/wp\/v2\/pages\/62\/revisions"}],"predecessor-version":[{"id":9109,"href":"https:\/\/staging.vilniustechsa.lt\/en\/wp-json\/wp\/v2\/pages\/62\/revisions\/9109"}],"wp:attachment":[{"href":"https:\/\/staging.vilniustechsa.lt\/en\/wp-json\/wp\/v2\/media?parent=62"}],"curies":[{"name":"wp","href":"https:\/\/api.w.org\/{rel}","templated":true}]}}