{"id":816,"date":"2023-04-13T15:02:28","date_gmt":"2023-04-13T15:02:28","guid":{"rendered":"https:\/\/staging.vilniustechsa.lt\/?page_id=816"},"modified":"2023-04-17T20:41:20","modified_gmt":"2023-04-17T20:41:20","slug":"seniunu-atmintine","status":"publish","type":"page","link":"https:\/\/staging.vilniustechsa.lt\/en\/seniunu-atmintine\/","title":{"rendered":"Foreman Memo"},"content":{"rendered":"<div data-elementor-type=\"wp-page\" data-elementor-id=\"816\" class=\"elementor elementor-816\">\n\t\t\t\t\t\t<section class=\"elementor-section elementor-top-section elementor-element elementor-element-8625e11 elementor-section-boxed elementor-section-height-default elementor-section-height-default\" data-id=\"8625e11\" data-element_type=\"section\" data-e-type=\"section\">\n\t\t\t\t\t\t<div class=\"elementor-container elementor-column-gap-default\">\n\t\t\t\t\t<div class=\"elementor-column elementor-col-50 elementor-top-column elementor-element elementor-element-0a8281d\" data-id=\"0a8281d\" data-element_type=\"column\" data-e-type=\"column\">\n\t\t\t<div class=\"elementor-widget-wrap elementor-element-populated\">\n\t\t\t\t\t\t<div class=\"elementor-element elementor-element-b160283 elementor-widget elementor-widget-image\" data-id=\"b160283\" data-element_type=\"widget\" data-e-type=\"widget\" data-widget_type=\"image.default\">\n\t\t\t\t<div class=\"elementor-widget-container\">\n\t\t\t\t\t\t\t\t\t\t\t\t\t\t\t<img fetchpriority=\"high\" decoding=\"async\" width=\"1024\" height=\"597\" src=\"https:\/\/staging.vilniustechsa.lt\/wp-content\/uploads\/2023\/04\/332864792_563468272398042_5230308565211587305_n-1024x597.jpg\" class=\"attachment-large size-large wp-image-2854\" alt=\"\" srcset=\"https:\/\/staging.vilniustechsa.lt\/wp-content\/uploads\/2023\/04\/332864792_563468272398042_5230308565211587305_n-1024x597.jpg 1024w, https:\/\/staging.vilniustechsa.lt\/wp-content\/uploads\/2023\/04\/332864792_563468272398042_5230308565211587305_n-300x175.jpg 300w, https:\/\/staging.vilniustechsa.lt\/wp-content\/uploads\/2023\/04\/332864792_563468272398042_5230308565211587305_n-150x87.jpg 150w, https:\/\/staging.vilniustechsa.lt\/wp-content\/uploads\/2023\/04\/332864792_563468272398042_5230308565211587305_n-768x448.jpg 768w, https:\/\/staging.vilniustechsa.lt\/wp-content\/uploads\/2023\/04\/332864792_563468272398042_5230308565211587305_n-1536x896.jpg 1536w, https:\/\/staging.vilniustechsa.lt\/wp-content\/uploads\/2023\/04\/332864792_563468272398042_5230308565211587305_n-320x187.jpg 320w, https:\/\/staging.vilniustechsa.lt\/wp-content\/uploads\/2023\/04\/332864792_563468272398042_5230308565211587305_n-480x280.jpg 480w, https:\/\/staging.vilniustechsa.lt\/wp-content\/uploads\/2023\/04\/332864792_563468272398042_5230308565211587305_n-800x466.jpg 800w, https:\/\/staging.vilniustechsa.lt\/wp-content\/uploads\/2023\/04\/332864792_563468272398042_5230308565211587305_n.jpg 2048w\" sizes=\"(max-width: 1024px) 100vw, 1024px\" \/>\t\t\t\t\t\t\t\t\t\t\t\t\t\t\t<\/div>\n\t\t\t\t<\/div>\n\t\t\t\t\t<\/div>\n\t\t<\/div>\n\t\t\t\t<div class=\"elementor-column elementor-col-50 elementor-top-column elementor-element elementor-element-dc2e339\" data-id=\"dc2e339\" data-element_type=\"column\" data-e-type=\"column\">\n\t\t\t<div class=\"elementor-widget-wrap elementor-element-populated\">\n\t\t\t\t\t\t<div class=\"elementor-element elementor-element-94e2d99 elementor-widget elementor-widget-text-editor\" data-id=\"94e2d99\" data-element_type=\"widget\" data-e-type=\"widget\" data-widget_type=\"text-editor.default\">\n\t\t\t\t<div class=\"elementor-widget-container\">\n\t\t\t\t\t\t\t\t\t<h1>Foreman Memo<\/h1><p>Who is and how is a foreman elected? What are the duties and rights of foremen? In what circumstances can and\/or must an academic group foremen be replaced? How can it be done?<\/p>\t\t\t\t\t\t\t\t<\/div>\n\t\t\t\t<\/div>\n\t\t\t\t\t<\/div>\n\t\t<\/div>\n\t\t\t\t\t<\/div>\n\t\t<\/section>\n\t\t\t\t<section class=\"elementor-section elementor-top-section elementor-element elementor-element-9f4c32b elementor-section-boxed elementor-section-height-default elementor-section-height-default\" data-id=\"9f4c32b\" data-element_type=\"section\" data-e-type=\"section\">\n\t\t\t\t\t\t<div class=\"elementor-container elementor-column-gap-default\">\n\t\t\t\t\t<div class=\"elementor-column elementor-col-100 elementor-top-column elementor-element elementor-element-093278b\" data-id=\"093278b\" data-element_type=\"column\" data-e-type=\"column\">\n\t\t\t<div class=\"elementor-widget-wrap elementor-element-populated\">\n\t\t\t\t\t\t<div class=\"elementor-element elementor-element-462b30c elementor-widget elementor-widget-text-editor\" data-id=\"462b30c\" data-element_type=\"widget\" data-e-type=\"widget\" data-widget_type=\"text-editor.default\">\n\t\t\t\t<div class=\"elementor-widget-container\">\n\t\t\t\t\t\t\t\t\t<p>An academic group foreman is a student elected by the academic group to represent the interests and position of his\/her academic group.<\/p><p><strong>Election of the Academic Group foreman:<\/strong><\/p><p>The Academic Group foreman is elected on a competitive basis. At least 2\/3 of the students in the academic group must participate in the election. Students who want to become foremen shall express their candidacy, briefly introducing themselves and why they consider themselves suitable for the position. Voting then takes place. If more than one person runs for the position of foreman, the one who receives the most votes from the group becomes the foreman.<\/p><p><strong>What are the main duties of foremen?<\/strong><\/p><ul><li>The foreman represents the interests of the students of his\/her academic group in various VILNIUS TECH departments;<\/li><li>Pass on all information to the students of the group, which is provided to him by the VILNIUS TECH administration, heads of departments, lecturers, VILNIUS TECH SA or VILNIUS TECH SA F, and other sources that have direct links with studies.<\/li><li>The foreman needs to be familiar with the VILNIUS TECH academic group foremen regulations and needs to abide by and follow them;<\/li><li>In the interests of his\/her academic group, the foreman undertakes to provide information to the VILNIUS TECH SA F about inaccuracies in the study programme and to contribute to the improvement of the study programme.<\/li><\/ul><p><strong>Rights of  foremen:<\/strong><\/p><ul><li>Receive information on all matters related to studies and study from VILNIUS TECH, the administration of the faculty\/institute or departments, VILNIUS TECH SA and\/or VILNIUS TECH SA F.<\/li><li>The right to make proposals to VILNIUS TECH SA, VILNIUS TECH SA F for the improvement of the VILNIUS TECH Student Representative Regulations.<\/li><li>To vote at conferences organized by his\/her faculty\/institute VILNIUS TECH SA F.<\/li><\/ul><p><strong>In what cases can the foreman of an academic group be replaced?<\/strong><\/p><p>If the foreman suspends his\/her studies, takes an academic leave or departs on an Erasmus exchange programme, then a temporary foreman may be elected. The former foreman signs the L.E.P. Foreman Appointment Document and hands over the position to a new person.<\/p><p>Do you have any questions or complaints about your Academic Group Foreman? Contact your faculty vice-chair\u00a0<a href=\"https:\/\/staging.vilniustechsa.lt\/en\/kontaktai\/\">here<\/a>.<\/p><p>Memo prepared on the basis of\u00a0<a href=\"https:\/\/staging.vilniustechsa.lt\/wp-content\/uploads\/2023\/04\/Studentu-atstovu-nuostatu-projektas.pdf\">this document<\/a>.<\/p>\t\t\t\t\t\t\t\t<\/div>\n\t\t\t\t<\/div>\n\t\t\t\t\t<\/div>\n\t\t<\/div>\n\t\t\t\t\t<\/div>\n\t\t<\/section>\n\t\t\t\t<\/div>","protected":false},"excerpt":{"rendered":"<p>Seni\u016bn\u0173 atmintin\u0117 Kas yra ir kaip renkamas akademin\u0117s grup\u0117s seni\u016bnas? Kokios yra seni\u016bn\u0173 pareigos ir teis\u0117s? Kokiu atveju gali ir\/ar turi b\u016bti kei\u010diamas akademin\u0117s grup\u0117s seni\u016bnas? Kaip tai padaryti? Akademin\u0117s grup\u0117s seni\u016bnas &#8211; akademin\u0117s grup\u0117s i\u0161rinktas studentas, kuris atstovauja savo akademin\u0117s grup\u0117s interesus ir pozicij\u0105. Akademin\u0117s grup\u0117s seni\u016bno rinkimai: Akademin\u0117s grup\u0117s seni\u016bnas renkamas konkurso principu.&hellip;<\/p>","protected":false},"author":2,"featured_media":0,"parent":0,"menu_order":0,"comment_status":"closed","ping_status":"closed","template":"","meta":{"footnotes":""},"class_list":["post-816","page","type-page","status-publish","hentry"],"_links":{"self":[{"href":"https:\/\/staging.vilniustechsa.lt\/en\/wp-json\/wp\/v2\/pages\/816","targetHints":{"allow":["GET"]}}],"collection":[{"href":"https:\/\/staging.vilniustechsa.lt\/en\/wp-json\/wp\/v2\/pages"}],"about":[{"href":"https:\/\/staging.vilniustechsa.lt\/en\/wp-json\/wp\/v2\/types\/page"}],"author":[{"embeddable":true,"href":"https:\/\/staging.vilniustechsa.lt\/en\/wp-json\/wp\/v2\/users\/2"}],"replies":[{"embeddable":true,"href":"https:\/\/staging.vilniustechsa.lt\/en\/wp-json\/wp\/v2\/comments?post=816"}],"version-history":[{"count":12,"href":"https:\/\/staging.vilniustechsa.lt\/en\/wp-json\/wp\/v2\/pages\/816\/revisions"}],"predecessor-version":[{"id":4481,"href":"https:\/\/staging.vilniustechsa.lt\/en\/wp-json\/wp\/v2\/pages\/816\/revisions\/4481"}],"wp:attachment":[{"href":"https:\/\/staging.vilniustechsa.lt\/en\/wp-json\/wp\/v2\/media?parent=816"}],"curies":[{"name":"wp","href":"https:\/\/api.w.org\/{rel}","templated":true}]}}