{"id":9136,"date":"2024-10-25T22:54:08","date_gmt":"2024-10-25T22:54:08","guid":{"rendered":"https:\/\/staging.vilniustechsa.lt\/?page_id=9136"},"modified":"2024-10-25T23:02:40","modified_gmt":"2024-10-25T23:02:40","slug":"baigiamuju-darbu-atmintine","status":"publish","type":"page","link":"https:\/\/staging.vilniustechsa.lt\/en\/baigiamuju-darbu-atmintine\/","title":{"rendered":"Final Thesis Memo"},"content":{"rendered":"<div data-elementor-type=\"wp-page\" data-elementor-id=\"9136\" class=\"elementor elementor-9136\">\n\t\t\t\t\t\t<section class=\"elementor-section elementor-top-section elementor-element elementor-element-e0f09f9 elementor-section-full_width elementor-section-height-default elementor-section-height-default\" data-id=\"e0f09f9\" data-element_type=\"section\" data-e-type=\"section\">\n\t\t\t\t\t\t\t<div class=\"elementor-background-overlay\"><\/div>\n\t\t\t\t\t\t\t<div class=\"elementor-container elementor-column-gap-default\">\n\t\t\t\t\t<div class=\"elementor-column elementor-col-50 elementor-top-column elementor-element elementor-element-5c0a69a\" data-id=\"5c0a69a\" data-element_type=\"column\" data-e-type=\"column\" data-settings=\"{&quot;background_background&quot;:&quot;classic&quot;}\">\n\t\t\t<div class=\"elementor-widget-wrap elementor-element-populated\">\n\t\t\t\t\t\t<div class=\"elementor-element elementor-element-48c4d1e elementor-widget elementor-widget-image\" data-id=\"48c4d1e\" data-element_type=\"widget\" data-e-type=\"widget\" data-widget_type=\"image.default\">\n\t\t\t\t<div class=\"elementor-widget-container\">\n\t\t\t\t\t\t\t\t\t\t\t\t\t\t\t<img fetchpriority=\"high\" decoding=\"async\" width=\"1024\" height=\"597\" src=\"https:\/\/staging.vilniustechsa.lt\/wp-content\/uploads\/2023\/04\/332864792_563468272398042_5230308565211587305_n-1024x597.jpg\" class=\"attachment-large size-large wp-image-2854\" alt=\"\" srcset=\"https:\/\/staging.vilniustechsa.lt\/wp-content\/uploads\/2023\/04\/332864792_563468272398042_5230308565211587305_n-1024x597.jpg 1024w, https:\/\/staging.vilniustechsa.lt\/wp-content\/uploads\/2023\/04\/332864792_563468272398042_5230308565211587305_n-300x175.jpg 300w, https:\/\/staging.vilniustechsa.lt\/wp-content\/uploads\/2023\/04\/332864792_563468272398042_5230308565211587305_n-150x87.jpg 150w, https:\/\/staging.vilniustechsa.lt\/wp-content\/uploads\/2023\/04\/332864792_563468272398042_5230308565211587305_n-768x448.jpg 768w, https:\/\/staging.vilniustechsa.lt\/wp-content\/uploads\/2023\/04\/332864792_563468272398042_5230308565211587305_n-1536x896.jpg 1536w, https:\/\/staging.vilniustechsa.lt\/wp-content\/uploads\/2023\/04\/332864792_563468272398042_5230308565211587305_n-320x187.jpg 320w, https:\/\/staging.vilniustechsa.lt\/wp-content\/uploads\/2023\/04\/332864792_563468272398042_5230308565211587305_n-480x280.jpg 480w, https:\/\/staging.vilniustechsa.lt\/wp-content\/uploads\/2023\/04\/332864792_563468272398042_5230308565211587305_n-800x466.jpg 800w, https:\/\/staging.vilniustechsa.lt\/wp-content\/uploads\/2023\/04\/332864792_563468272398042_5230308565211587305_n.jpg 2048w\" sizes=\"(max-width: 1024px) 100vw, 1024px\" \/>\t\t\t\t\t\t\t\t\t\t\t\t\t\t\t<\/div>\n\t\t\t\t<\/div>\n\t\t\t\t\t<\/div>\n\t\t<\/div>\n\t\t\t\t<div class=\"elementor-column elementor-col-50 elementor-top-column elementor-element elementor-element-d2fb478\" data-id=\"d2fb478\" data-element_type=\"column\" data-e-type=\"column\">\n\t\t\t<div class=\"elementor-widget-wrap elementor-element-populated\">\n\t\t\t\t\t\t<div class=\"elementor-element elementor-element-a88fac6 elementor-widget elementor-widget-text-editor\" data-id=\"a88fac6\" data-element_type=\"widget\" data-e-type=\"widget\" data-widget_type=\"text-editor.default\">\n\t\t\t\t<div class=\"elementor-widget-container\">\n\t\t\t\t\t\t\t\t\t<p style=\"text-align: left;\"><b>A final thesis<\/b><span style=\"font-weight: 400;\"> (hereinafter referred to as FT) is an independent scientific, applied, project or creative project work carried out by a student upon completing a study program, demonstrating skills that correspond to the program's objectives.<\/span><\/p><p>\u00a0<\/p><p style=\"text-align: left;\"><b>Lists of student FT topics and supervisors are approved in the system by the end of the semester in which the Final Thesis 1 or Research Thesis 1 is scheduled.<\/b><\/p>\t\t\t\t\t\t\t\t<\/div>\n\t\t\t\t<\/div>\n\t\t\t\t\t<\/div>\n\t\t<\/div>\n\t\t\t\t\t<\/div>\n\t\t<\/section>\n\t\t\t\t<section class=\"elementor-section elementor-top-section elementor-element elementor-element-ec90c9c elementor-section-boxed elementor-section-height-default elementor-section-height-default\" data-id=\"ec90c9c\" data-element_type=\"section\" data-e-type=\"section\">\n\t\t\t\t\t\t<div class=\"elementor-container elementor-column-gap-default\">\n\t\t\t\t\t<div class=\"elementor-column elementor-col-100 elementor-top-column elementor-element elementor-element-e19f6f2\" data-id=\"e19f6f2\" data-element_type=\"column\" data-e-type=\"column\">\n\t\t\t<div class=\"elementor-widget-wrap elementor-element-populated\">\n\t\t\t\t\t\t<div class=\"elementor-element elementor-element-46a419e elementor-widget elementor-widget-text-editor\" data-id=\"46a419e\" data-element_type=\"widget\" data-e-type=\"widget\" data-widget_type=\"text-editor.default\">\n\t\t\t\t<div class=\"elementor-widget-container\">\n\t\t\t\t\t\t\t\t\t<p><span style=\"font-weight: 400;\">The selection of topics takes place during the first month of the semester in which Final Thesis&nbsp;<\/span><span style=\"font-weight: 400;\">1 or <\/span><span style=\"font-weight: 400;\">Research Thesis<\/span><span style=\"font-weight: 400;\"> 1 is scheduled to begin, and the student has the right to propose a topic during this period.&nbsp;<\/span><\/p>\n<p><span style=\"font-weight: 400;\">If a student chooses a topic proposed by social partners, the specific assistance provided by the company or organization must be specified, such as access to company data, technologies or equipment, or providing a workspace for the student.<\/span><\/p>\n<p><span style=\"font-weight: 400;\">The FT supervisor advises the student in developing the FT plan and provides feedback on areas that need improvement.<\/span><\/p>\n<h3><strong>REQUIREMENTS FOR THE FINAL THESIS:<\/strong><\/h3>\n<ul>\n<li><span style=\"font-weight: 400;\">The FT must be written in Lithuanian following the applicable spelling rules. Individuals studying in English-language programs prepare the FT in English.<\/span><\/li>\n<li><span style=\"font-weight: 400;\">The chosen FT topic must be relevant.<\/span><\/li>\n<li><span style=\"font-weight: 400;\">At least 5 business days before the FT defense date, the student must submit the final version of the FT, which should be uploaded to the myVILNIUSTECH information system.<\/span><\/li>\n<li><span style=\"font-weight: 400;\">The reviewer must provide feedback in the myVILNIUSTECH information system at least 1 business day before the defense date.<\/span><\/li>\n<\/ul>\n<h3><strong>EVALUATION OF THE FINAL THESIS:<\/strong><\/h3>\n<p><span style=\"font-weight: 400;\">Each committee member evaluates the FT separately, taking into account the reviewer's conclusion and the supervisor's feedback. The final FT grade is equal to the arithmetic average of all committee member evaluations.<\/span><\/p>\n<p><span style=\"font-weight: 400;\">For students who have not prepared or defended their FT by January 23 due to significant and justifiable reasons, and whose study programs are completed in January, the dean may, by decree, postpone the FT defense until June 23.<\/span><\/p>\t\t\t\t\t\t\t\t<\/div>\n\t\t\t\t<\/div>\n\t\t\t\t\t<\/div>\n\t\t<\/div>\n\t\t\t\t\t<\/div>\n\t\t<\/section>\n\t\t\t\t<\/div>","protected":false},"excerpt":{"rendered":"<p>Baigiamasis darbas (toliau \u2013 BD) \u2013 studento savaranki\u0161kas mokslinio tiriamojo ar taikomojo, projektinio arba k\u016brybinio projekto darbas, atliekamas baigiant studij\u0173 program\u0105, atskleid\u017eiantis programos tikslus atitinkan\u010dius geb\u0117jimus. Student\u0173 BD tem\u0173 ir vadov\u0173 s\u0105ra\u0161ai tvirtinami sistemoje iki semestro, kuriame numatytas Baigiamasis darbas 1 arba Tiriamasis darbas 1, pabaigos. Temos pasirinkimas vyksta per pirm\u0105j\u012f m\u0117nes\u012f nuo semestro, kuriame&hellip;<\/p>","protected":false},"author":2,"featured_media":0,"parent":0,"menu_order":0,"comment_status":"closed","ping_status":"closed","template":"","meta":{"footnotes":""},"class_list":["post-9136","page","type-page","status-publish","hentry"],"_links":{"self":[{"href":"https:\/\/staging.vilniustechsa.lt\/en\/wp-json\/wp\/v2\/pages\/9136","targetHints":{"allow":["GET"]}}],"collection":[{"href":"https:\/\/staging.vilniustechsa.lt\/en\/wp-json\/wp\/v2\/pages"}],"about":[{"href":"https:\/\/staging.vilniustechsa.lt\/en\/wp-json\/wp\/v2\/types\/page"}],"author":[{"embeddable":true,"href":"https:\/\/staging.vilniustechsa.lt\/en\/wp-json\/wp\/v2\/users\/2"}],"replies":[{"embeddable":true,"href":"https:\/\/staging.vilniustechsa.lt\/en\/wp-json\/wp\/v2\/comments?post=9136"}],"version-history":[{"count":8,"href":"https:\/\/staging.vilniustechsa.lt\/en\/wp-json\/wp\/v2\/pages\/9136\/revisions"}],"predecessor-version":[{"id":9146,"href":"https:\/\/staging.vilniustechsa.lt\/en\/wp-json\/wp\/v2\/pages\/9136\/revisions\/9146"}],"wp:attachment":[{"href":"https:\/\/staging.vilniustechsa.lt\/en\/wp-json\/wp\/v2\/media?parent=9136"}],"curies":[{"name":"wp","href":"https:\/\/api.w.org\/{rel}","templated":true}]}}