{"id":9148,"date":"2024-10-25T23:50:10","date_gmt":"2024-10-25T23:50:10","guid":{"rendered":"https:\/\/staging.vilniustechsa.lt\/?page_id=9148"},"modified":"2024-10-26T00:01:51","modified_gmt":"2024-10-26T00:01:51","slug":"bibliotekos-atmintine","status":"publish","type":"page","link":"https:\/\/staging.vilniustechsa.lt\/en\/bibliotekos-atmintine\/","title":{"rendered":"Library Memo"},"content":{"rendered":"<div data-elementor-type=\"wp-page\" data-elementor-id=\"9148\" class=\"elementor elementor-9148\">\n\t\t\t\t\t\t<section class=\"elementor-section elementor-top-section elementor-element elementor-element-829dfe9 elementor-section-full_width elementor-section-height-default elementor-section-height-default\" data-id=\"829dfe9\" data-element_type=\"section\" data-e-type=\"section\">\n\t\t\t\t\t\t\t<div class=\"elementor-background-overlay\"><\/div>\n\t\t\t\t\t\t\t<div class=\"elementor-container elementor-column-gap-default\">\n\t\t\t\t\t<div class=\"elementor-column elementor-col-50 elementor-top-column elementor-element elementor-element-e096883\" data-id=\"e096883\" data-element_type=\"column\" data-e-type=\"column\" data-settings=\"{&quot;background_background&quot;:&quot;classic&quot;}\">\n\t\t\t<div class=\"elementor-widget-wrap elementor-element-populated\">\n\t\t\t\t\t\t<div class=\"elementor-element elementor-element-bc4a1ab elementor-widget elementor-widget-image\" data-id=\"bc4a1ab\" data-element_type=\"widget\" data-e-type=\"widget\" data-widget_type=\"image.default\">\n\t\t\t\t<div class=\"elementor-widget-container\">\n\t\t\t\t\t\t\t\t\t\t\t\t\t\t\t<img fetchpriority=\"high\" decoding=\"async\" width=\"800\" height=\"466\" src=\"https:\/\/staging.vilniustechsa.lt\/wp-content\/uploads\/2024\/10\/Biblioteka.jpg\" class=\"attachment-large size-large wp-image-9147\" alt=\"\" srcset=\"https:\/\/staging.vilniustechsa.lt\/wp-content\/uploads\/2024\/10\/Biblioteka.jpg 800w, https:\/\/staging.vilniustechsa.lt\/wp-content\/uploads\/2024\/10\/Biblioteka-300x175.jpg 300w, https:\/\/staging.vilniustechsa.lt\/wp-content\/uploads\/2024\/10\/Biblioteka-150x87.jpg 150w, https:\/\/staging.vilniustechsa.lt\/wp-content\/uploads\/2024\/10\/Biblioteka-768x447.jpg 768w, https:\/\/staging.vilniustechsa.lt\/wp-content\/uploads\/2024\/10\/Biblioteka-18x10.jpg 18w\" sizes=\"(max-width: 800px) 100vw, 800px\" \/>\t\t\t\t\t\t\t\t\t\t\t\t\t\t\t<\/div>\n\t\t\t\t<\/div>\n\t\t\t\t\t<\/div>\n\t\t<\/div>\n\t\t\t\t<div class=\"elementor-column elementor-col-50 elementor-top-column elementor-element elementor-element-45b94c4\" data-id=\"45b94c4\" data-element_type=\"column\" data-e-type=\"column\">\n\t\t\t<div class=\"elementor-widget-wrap elementor-element-populated\">\n\t\t\t\t\t\t<div class=\"elementor-element elementor-element-d3ebd25 elementor-widget elementor-widget-text-editor\" data-id=\"d3ebd25\" data-element_type=\"widget\" data-e-type=\"widget\" data-widget_type=\"text-editor.default\">\n\t\t\t\t<div class=\"elementor-widget-container\">\n\t\t\t\t\t\t\t\t\t<p style=\"text-align: left;\"><span style=\"font-weight: 400;\"><strong>The mission of the library<\/strong> is to fully satisfy the information needs of the university community for research and studies, taking into account the changing academic environment, the rapid development of science, information and communication technologies development.<\/span><\/p><p style=\"text-align: left;\">\u00a0<\/p><p style=\"text-align: left;\"><span style=\"font-weight: 400;\">Saul\u0117tekio al. 14, 10223 Vilnius, Lithuania<\/span><\/p>\t\t\t\t\t\t\t\t<\/div>\n\t\t\t\t<\/div>\n\t\t\t\t\t<\/div>\n\t\t<\/div>\n\t\t\t\t\t<\/div>\n\t\t<\/section>\n\t\t\t\t<section class=\"elementor-section elementor-top-section elementor-element elementor-element-963eec6 elementor-section-boxed elementor-section-height-default elementor-section-height-default\" data-id=\"963eec6\" data-element_type=\"section\" data-e-type=\"section\">\n\t\t\t\t\t\t<div class=\"elementor-container elementor-column-gap-default\">\n\t\t\t\t\t<div class=\"elementor-column elementor-col-100 elementor-top-column elementor-element elementor-element-9cd52cd\" data-id=\"9cd52cd\" data-element_type=\"column\" data-e-type=\"column\">\n\t\t\t<div class=\"elementor-widget-wrap elementor-element-populated\">\n\t\t\t\t\t\t<div class=\"elementor-element elementor-element-0e89c66 elementor-widget elementor-widget-text-editor\" data-id=\"0e89c66\" data-element_type=\"widget\" data-e-type=\"widget\" data-widget_type=\"text-editor.default\">\n\t\t\t\t<div class=\"elementor-widget-container\">\n\t\t\t\t\t\t\t\t\t<p><span style=\"font-weight: 400;\">When you come to the library for the first time, present your Lithuanian student card (LSP) or other identity document to the library employee, familiarize yourself with the description of the procedure for using the library services and sign the registration form, confirming that you have read the description of the procedure for using the library services and agree to comply with it.\u00a0\u00a0<\/span><\/p><p>\u00a0<\/p><p><span style=\"font-weight: 400;\">At night (19:00-9:00), on weekends and public holidays, entry is only possible with an activated student ID (LSP), employee ID or VILNIUS TECH card. You can activate your student card (LSP) or employee card to access the Library in the Laboratory Building of VILNIUS TECH University (Saul\u0117tekio al. 11, S6, III a.)<\/span><\/p><p><span style=\"font-weight: 400;\">Library users can only use the open reading rooms and study rooms of the Central Library at night, on weekends and on public holidays.<\/span><\/p><p>\u00a0<\/p><h3><b>Printing, copying and scanning service with a multifunction device<\/b><\/h3><p><span style=\"font-weight: 400;\">The library provides a self-service printing, copying and scanning service. The multifunctional device can print, copy and scan A4, A3 black and white and color documents. You can send a file for printing from any workstation using Web print function through the print service portal print.vgtu.lt . Payment for services is made by automatic withdrawal from the personal account. You can top up your account at the Customer Service Department with a bank card (Saul\u0117tekio al. 14, hall 101) or using the PayPal payment system.<\/span><\/p><p>\u00a0<\/p><h3><b>Search and order of publications<\/b><\/h3><p><span style=\"font-weight: 400;\">The search for publications is carried out in the VILNIUS TECH virtual library, which allows you to search all resources of the Vilnius Gediminas University of Technology library, LST standards catalog, subscribed databases, open access electronic resources.<\/span><\/p><p>\u00a0<\/p><p><span style=\"font-weight: 400;\">The virtual library can be used from any computerized workstation with Internet access. Those browsing outside the VILNIUS TECH network must use a VPN service to read full-text electronic publications.<\/span><\/p><p>\u00a0<\/p><h3><b>Issuance\/lending of publications<\/b><\/h3><p><span style=\"font-weight: 400;\">All publications, including periodicals, can be borrowed at home. To borrow publications at home, order them in the virtual library https:\/\/vb.vilniustech.lt. In the virtual library, the user can also place an order for the issued publication by reserving it in advance. The ordered publication is stored for 3 working days, after which the order is cancelled. After ordering the publications, receive a notification that the order has been prepared and come to pick it up at the designated place: the Information Center of the Central Library (I a. hall) or the reading room at the faculty.<\/span><\/p><p>\u00a0<\/p><p><span style=\"font-weight: 400;\">Publications are borrowed from 1 week to 6 months, depending on their demand and the number of copies available.<\/span><\/p><p><span style=\"font-weight: 400;\">The desired publication in the library's open collection can be issued independently 24\/7, using the self-service device located in the Information Center of the Central Library (I a. hall) or the publication can be issued by an employee (Monday-Friday 9:00 a.m. - 7:00 p.m.).<\/span><\/p><p><span style=\"font-weight: 400;\">Information about submitted orders and their execution progress can be checked in the virtual library by logging in to your account or contacting library staff.<\/span><\/p><p><span style=\"font-weight: 400;\">Publications are only loaned to VILNIUS TECH community members.<\/span><\/p><p><span style=\"font-weight: 400;\">In case of arrears, publications are not delivered to the home.<\/span><\/p><p>\u00a0<\/p><h3><b>Return of publications and late fees<\/b><\/h3><p><span style=\"font-weight: 400;\">Publications can be returned at the Information Center of the Central Library (I a. hall) during working hours or at any time of the day, using the book return facility located near the entrance of the Central Library. In this way, you can return publications taken from any branch of the library.<\/span><\/p><p>\u00a0<\/p><p><span style=\"font-weight: 400;\">If the publication is not reserved by another user, the period for returning the publication can be extended in the virtual library by logging in to \"My library card\", submitting a request by phone (8-5) 274 49 00 or by e-mail. via mai <\/span><a href=\"mailto:biblioteka@vilniustech.lt\"><span style=\"font-weight: 400;\">biblioteka@vilniustech.lt<\/span><\/a><span style=\"font-weight: 400;\">.<\/span><\/p><p>\u00a0<\/p><p><span style=\"font-weight: 400;\">Readers who fail to return issued publications on time must pay late fees for each day of delay for each unreturned publication:<\/span><\/p><p><span style=\"font-weight: 400;\">0.10 EUR \u2013 if the publication was lent for a semester (for a period of 6 months);<\/span><\/p><p><span style=\"font-weight: 400;\">0.15 EUR \u2013 if the publication was lent for a month or less;<\/span><\/p><p>\u00a0<\/p><p><span style=\"font-weight: 400;\">If the amount of late interest exceeds EUR 30.00, the employee can offer you to buy a new publication needed by the library instead of the amount of late interest.<\/span><\/p><p>\u00a0<\/p><h3><b>Library spaces<\/b><\/h3><p><span style=\"font-weight: 400;\">Members of the VILNIUS TECH community can reserve study rooms for free in the library spaces Vilniustech library page. When making a reservation, the user must select the type of work room, the date and time of the reservation, and fill in the mandatory registration data. After filling out the reservation form, the e-mail you specified a reservation confirmation link will be sent by mail, which you must confirm within 30 minutes. The reservation will be successful only after you confirm the email. link received by mail.<\/span><\/p><p>\u00a0<\/p><p><span style=\"font-weight: 400;\">Work rooms can be reserved for a limited time - from half an hour to 12 hours*. If the study room reservation time has expired and there is no queue for that room, the reservation period can be extended.<\/span><\/p><p><span style=\"font-weight: 400;\">If you see a free study room, you can use it without prior reservation.<\/span><\/p><p><span style=\"font-weight: 400;\">A user can reserve one study room at a time.<\/span><\/p><p><span style=\"font-weight: 400;\">If the user arrives 1 hour late and does not inform the library staff about it, the reservation may be canceled and the workplace reserved for another user.<\/span><\/p><p>\u00a0<\/p><p><b>More information vilniustech.lt\/biblioteka.lt<\/b><\/p>\t\t\t\t\t\t\t\t<\/div>\n\t\t\t\t<\/div>\n\t\t\t\t\t<\/div>\n\t\t<\/div>\n\t\t\t\t\t<\/div>\n\t\t<\/section>\n\t\t\t\t<\/div>","protected":false},"excerpt":{"rendered":"<p>Bibliotekos misija \u2013 visapusi\u0161kai tenkinti universiteto bendruomen\u0117s informacinius mokslo ir studij\u0173 poreikius, atsi\u017evelgiant \u012f kintan\u010di\u0105 akademin\u0119 aplink\u0105, spart\u0173 mokslo, informacijos ir komunikacijos technologij\u0173 vystym\u0105si. Saul\u0117tekio al. 14, 10223 Vilnius, Lietuva Pirm\u0105 kart\u0105, atvyk\u0119s \u012f bibliotek\u0105, pateik Lietuvos studento pa\u017eym\u0117jim\u0105 (LSP) ar kit\u0105 asmens tapatyb\u0119 patvirtinant\u012f dokument\u0105 bibliotekos darbuotojui, susipa\u017eink su naudojimosi bibliotekos paslaugomis tvarkos apra\u0161u&hellip;<\/p>","protected":false},"author":2,"featured_media":0,"parent":0,"menu_order":0,"comment_status":"closed","ping_status":"closed","template":"","meta":{"footnotes":""},"class_list":["post-9148","page","type-page","status-publish","hentry"],"_links":{"self":[{"href":"https:\/\/staging.vilniustechsa.lt\/en\/wp-json\/wp\/v2\/pages\/9148","targetHints":{"allow":["GET"]}}],"collection":[{"href":"https:\/\/staging.vilniustechsa.lt\/en\/wp-json\/wp\/v2\/pages"}],"about":[{"href":"https:\/\/staging.vilniustechsa.lt\/en\/wp-json\/wp\/v2\/types\/page"}],"author":[{"embeddable":true,"href":"https:\/\/staging.vilniustechsa.lt\/en\/wp-json\/wp\/v2\/users\/2"}],"replies":[{"embeddable":true,"href":"https:\/\/staging.vilniustechsa.lt\/en\/wp-json\/wp\/v2\/comments?post=9148"}],"version-history":[{"count":5,"href":"https:\/\/staging.vilniustechsa.lt\/en\/wp-json\/wp\/v2\/pages\/9148\/revisions"}],"predecessor-version":[{"id":9155,"href":"https:\/\/staging.vilniustechsa.lt\/en\/wp-json\/wp\/v2\/pages\/9148\/revisions\/9155"}],"wp:attachment":[{"href":"https:\/\/staging.vilniustechsa.lt\/en\/wp-json\/wp\/v2\/media?parent=9148"}],"curies":[{"name":"wp","href":"https:\/\/api.w.org\/{rel}","templated":true}]}}